{"id":25,"date":"2023-12-20T13:28:26","date_gmt":"2023-12-20T12:28:26","guid":{"rendered":"http:\/\/localhost:8888\/planty\/?page_id=25"},"modified":"2024-06-03T09:42:02","modified_gmt":"2024-06-03T07:42:02","slug":"home","status":"publish","type":"page","link":"https:\/\/www.jessica-idel.fr\/planty\/","title":{"rendered":"Home"},"content":{"rendered":"\n<div class=\"wp-block-uagb-container uagb-block-31110c0e alignfull uagb-is-root-container\"><div class=\"uagb-container__shape uagb-container__shape-bottom uagb-container__invert\" data-negative=\"false\"><svg xmlns=\"https:\/\/www.w3.org\/2000\/svg\" viewBox=\"0 0 937.5 120\" preserveAspectRatio=\"none\"><path class=\"uagb-container__shape-fill\" d=\"M937,129.8V-0.1H0v129.9C0,62.6,209.6,8.2,468.4,8.2S936.9,62.6,937,129.8z\"><\/path><\/svg><\/div><div class=\"uagb-container-inner-blocks-wrap\">\n<div style=\"height:50px\" aria-hidden=\"true\" class=\"wp-block-spacer uag-hide-tab uag-hide-mob\"><\/div>\n\n\n\n<h1 class=\"wp-block-heading has-text-align-center title-home has-text-color has-link-color wp-elements-71efb2a0fd5a6c24e770a1af6d952f1e\" style=\"color:#3b8e46\">Boisson \u00e9nergisante<br>100% naturelle<\/h1>\n\n\n\n<div class=\"wp-block-uagb-container uagb-block-571de90c alignfull uagb-is-root-container\"><div class=\"uagb-container-inner-blocks-wrap\">\n<div class=\"wp-block-columns is-layout-flex wp-container-core-columns-is-layout-1 wp-block-columns-is-layout-flex\">\n<div class=\"wp-block-column is-layout-flow wp-block-column-is-layout-flow\">\n<figure class=\"wp-block-image size-full feuille-gauche uag-hide-tab uag-hide-mob\"><img loading=\"lazy\" decoding=\"async\" width=\"350\" height=\"401\" src=\"http:\/\/www.jessica-idel.fr\/planty\/wp-content\/uploads\/2023\/12\/Group-4.png\" alt=\"feuille gauche\" class=\"wp-image-10\" srcset=\"https:\/\/www.jessica-idel.fr\/planty\/wp-content\/uploads\/2023\/12\/Group-4.png 350w, https:\/\/www.jessica-idel.fr\/planty\/wp-content\/uploads\/2023\/12\/Group-4-262x300.png 262w\" sizes=\"(max-width: 350px) 100vw, 350px\" \/><\/figure>\n<\/div>\n\n\n\n<div class=\"wp-block-column is-layout-flow wp-block-column-is-layout-flow\">\n<figure class=\"wp-block-image size-full canette-accueil\"><img loading=\"lazy\" decoding=\"async\" width=\"387\" height=\"618\" src=\"http:\/\/www.jessica-idel.fr\/planty\/wp-content\/uploads\/2023\/12\/Planty6-1.png\" alt=\"canette planty\" class=\"wp-image-17\" srcset=\"https:\/\/www.jessica-idel.fr\/planty\/wp-content\/uploads\/2023\/12\/Planty6-1.png 387w, https:\/\/www.jessica-idel.fr\/planty\/wp-content\/uploads\/2023\/12\/Planty6-1-188x300.png 188w\" sizes=\"(max-width: 387px) 100vw, 387px\" \/><\/figure>\n<\/div>\n\n\n\n<div class=\"wp-block-column is-layout-flow wp-block-column-is-layout-flow\">\n<figure class=\"wp-block-image size-full feuille-droite uag-hide-tab uag-hide-mob\"><img loading=\"lazy\" decoding=\"async\" width=\"350\" height=\"401\" src=\"http:\/\/www.jessica-idel.fr\/planty\/wp-content\/uploads\/2023\/12\/Group-3.png\" alt=\"feuille droite\" class=\"wp-image-9\" srcset=\"https:\/\/www.jessica-idel.fr\/planty\/wp-content\/uploads\/2023\/12\/Group-3.png 350w, https:\/\/www.jessica-idel.fr\/planty\/wp-content\/uploads\/2023\/12\/Group-3-262x300.png 262w\" sizes=\"(max-width: 350px) 100vw, 350px\" \/><\/figure>\n<\/div>\n<\/div>\n<\/div><\/div>\n<\/div><\/div>\n\n\n\n<div class=\"wp-block-uagb-container uagb-block-88ba382c default uagb-is-root-container\">\n<div style=\"height:50px\" aria-hidden=\"true\" class=\"wp-block-spacer uag-hide-tab uag-hide-mob\"><\/div>\n\n\n\n<h2 class=\"wp-block-heading has-text-align-center has-text-color has-link-color wp-elements-3513d84ef987086c5068c644bb7aec31\" style=\"color:#3b8e46;font-size:30px\">L&rsquo;\u00e9nergie des plantes<\/h2>\n\n\n\n<div class=\"wp-block-columns is-layout-flex wp-container-core-columns-is-layout-2 wp-block-columns-is-layout-flex\">\n<div class=\"wp-block-column is-layout-flow wp-block-column-is-layout-flow\"><\/div>\n\n\n\n<div class=\"wp-block-column is-layout-flow wp-block-column-is-layout-flow\" style=\"flex-basis:45%\">\n<p class=\"has-text-align-center section-plant-energy\" style=\"font-size:20px\">Planty, c&rsquo;est la premi\u00e8re boisson<br> \u00e9nergisante compos\u00e9e \u00e0 100% de produits naturels.<br> Avec son go\u00fbt frais et fruit\u00e9, retrouvez votre<br> \u00e9nergie gr\u00e2ce aux plantes riches en vitamine B2,<br> \u00e0 n&rsquo;importe quel moment de la journ\u00e9e. <\/p>\n<\/div>\n\n\n\n<div class=\"wp-block-column is-layout-flow wp-block-column-is-layout-flow\"><\/div>\n<\/div>\n<\/div>\n\n\n\n<div style=\"height:50px\" aria-hidden=\"true\" class=\"wp-block-spacer uag-hide-tab uag-hide-mob\"><\/div>\n\n\n\n<div class=\"wp-block-uagb-container uagb-block-e5b1fd85 alignfull uagb-is-root-container\"><div class=\"uagb-container__shape uagb-container__shape-bottom uagb-container__invert\" data-negative=\"false\"><svg xmlns=\"https:\/\/www.w3.org\/2000\/svg\" viewBox=\"0 0 937.5 120\" preserveAspectRatio=\"none\"><path class=\"uagb-container__shape-fill\" d=\"M937,129.8V-0.1H0v129.9C0,62.6,209.6,8.2,468.4,8.2S936.9,62.6,937,129.8z\"><\/path><\/svg><\/div><div class=\"uagb-container-inner-blocks-wrap\">\n<div style=\"height:40px\" aria-hidden=\"true\" class=\"wp-block-spacer uag-hide-tab uag-hide-mob\"><\/div>\n\n\n\n<h2 class=\"wp-block-heading has-text-align-center les-gouts has-text-color has-link-color wp-elements-6e1b734a741fefbaf6eb40dfc1d072e0\" style=\"color:#d2776a;font-size:30px;text-transform:uppercase\">Les go\u00fbts<\/h2>\n\n\n\n<p class=\"has-text-align-center p-les-gouts\">Nous avons une saveur pour chaque moment de votre journ\u00e9e.<\/p>\n\n\n\n<div class=\"wp-block-uagb-container uagb-block-44365314\">\n<div class=\"wp-block-columns img-les-gouts is-layout-flex wp-container-core-columns-is-layout-3 wp-block-columns-is-layout-flex\">\n<div class=\"wp-block-column is-layout-flow wp-block-column-is-layout-flow\" style=\"flex-basis:393px\">\n<div class=\"wp-block-cover is-light\" style=\"min-height:262px;aspect-ratio:unset;\"><span aria-hidden=\"true\" class=\"wp-block-cover__background has-background-dim-0 has-background-dim\" style=\"background-color:#e2837f\"><\/span><img loading=\"lazy\" decoding=\"async\" width=\"393\" height=\"262\" class=\"wp-block-cover__image-background wp-image-12\" alt=\"\" src=\"http:\/\/localhost:8888\/planty\/wp-content\/uploads\/2023\/12\/jeremy-bezanger-0QgbyZdhX7k-unsplash-1.png\" data-object-fit=\"cover\" srcset=\"https:\/\/www.jessica-idel.fr\/planty\/wp-content\/uploads\/2023\/12\/jeremy-bezanger-0QgbyZdhX7k-unsplash-1.png 393w, https:\/\/www.jessica-idel.fr\/planty\/wp-content\/uploads\/2023\/12\/jeremy-bezanger-0QgbyZdhX7k-unsplash-1-300x200.png 300w\" sizes=\"(max-width: 393px) 100vw, 393px\" \/><div class=\"wp-block-cover__inner-container is-layout-constrained wp-block-cover-is-layout-constrained\">\n<p class=\"has-text-align-center title-vignettes-gouts has-white-color has-text-color has-link-color wp-elements-fac77608e1d30333201320c8a6c05852\" style=\"font-size:48px\">FRAISE<\/p>\n<\/div><\/div>\n<\/div>\n\n\n\n<div class=\"wp-block-column is-layout-flow wp-block-column-is-layout-flow\" style=\"flex-basis:393px\">\n<div class=\"wp-block-cover\" style=\"min-height:262px;aspect-ratio:unset;\"><span aria-hidden=\"true\" class=\"wp-block-cover__background has-background-dim-0 has-background-dim\" style=\"background-color:#e05722\"><\/span><img loading=\"lazy\" decoding=\"async\" width=\"394\" height=\"263\" class=\"wp-block-cover__image-background wp-image-7\" alt=\"\" src=\"http:\/\/localhost:8888\/planty\/wp-content\/uploads\/2023\/12\/estudio-bloom-tOitjphtIXU-unsplash-1.png\" data-object-fit=\"cover\" srcset=\"https:\/\/www.jessica-idel.fr\/planty\/wp-content\/uploads\/2023\/12\/estudio-bloom-tOitjphtIXU-unsplash-1.png 394w, https:\/\/www.jessica-idel.fr\/planty\/wp-content\/uploads\/2023\/12\/estudio-bloom-tOitjphtIXU-unsplash-1-300x200.png 300w\" sizes=\"(max-width: 394px) 100vw, 394px\" \/><div class=\"wp-block-cover__inner-container is-layout-constrained wp-block-cover-is-layout-constrained\">\n<p class=\"has-text-align-center title-vignettes-gouts has-white-color has-text-color has-link-color wp-elements-29993493142e75b202648ffe085872fa\" style=\"font-size:48px\">PAMPLE<br>MOUSSE<\/p>\n<\/div><\/div>\n<\/div>\n<\/div>\n\n\n\n<div class=\"wp-block-columns is-layout-flex wp-container-core-columns-is-layout-4 wp-block-columns-is-layout-flex\">\n<div class=\"wp-block-column is-layout-flow wp-block-column-is-layout-flow\">\n<div class=\"wp-block-cover is-light\" style=\"min-height:262px;aspect-ratio:unset;\"><span aria-hidden=\"true\" class=\"wp-block-cover__background has-background-dim-0 has-background-dim\" style=\"background-color:#e2b3cf\"><\/span><img loading=\"lazy\" decoding=\"async\" width=\"393\" height=\"262\" class=\"wp-block-cover__image-background wp-image-18\" alt=\"\" src=\"http:\/\/localhost:8888\/planty\/wp-content\/uploads\/2023\/12\/rodion-kutsaev-4k8xEFW4_3Q-unsplash-1.png\" data-object-fit=\"cover\" srcset=\"https:\/\/www.jessica-idel.fr\/planty\/wp-content\/uploads\/2023\/12\/rodion-kutsaev-4k8xEFW4_3Q-unsplash-1.png 393w, https:\/\/www.jessica-idel.fr\/planty\/wp-content\/uploads\/2023\/12\/rodion-kutsaev-4k8xEFW4_3Q-unsplash-1-300x200.png 300w\" sizes=\"(max-width: 393px) 100vw, 393px\" \/><div class=\"wp-block-cover__inner-container is-layout-constrained wp-block-cover-is-layout-constrained\">\n<p class=\"has-text-align-center title-vignettes-gouts has-white-color has-text-color has-link-color wp-elements-26f47ad687b7e82958a32996ff77c272\" style=\"font-size:48px\">FRAM<br>BOISE<\/p>\n<\/div><\/div>\n<\/div>\n\n\n\n<div class=\"wp-block-column is-layout-flow wp-block-column-is-layout-flow\">\n<div class=\"wp-block-cover is-light\" style=\"min-height:262px;aspect-ratio:unset;\"><span aria-hidden=\"true\" class=\"wp-block-cover__background has-background-dim-0 has-background-dim\" style=\"background-color:#e0a4bb\"><\/span><img loading=\"lazy\" decoding=\"async\" width=\"393\" height=\"262\" class=\"wp-block-cover__image-background wp-image-6\" alt=\"\" src=\"http:\/\/localhost:8888\/planty\/wp-content\/uploads\/2023\/12\/estudio-bloom-ezqnxsqUZ80-unsplash-1.png\" data-object-fit=\"cover\" srcset=\"https:\/\/www.jessica-idel.fr\/planty\/wp-content\/uploads\/2023\/12\/estudio-bloom-ezqnxsqUZ80-unsplash-1.png 393w, https:\/\/www.jessica-idel.fr\/planty\/wp-content\/uploads\/2023\/12\/estudio-bloom-ezqnxsqUZ80-unsplash-1-300x200.png 300w\" sizes=\"(max-width: 393px) 100vw, 393px\" \/><div class=\"wp-block-cover__inner-container is-layout-constrained wp-block-cover-is-layout-constrained\">\n<p class=\"has-text-align-center title-vignettes-gouts has-white-color has-text-color has-link-color wp-elements-72a7ebeca41e95ddc8c73368568d6d7b\" style=\"font-size:48px\">CITRON<\/p>\n<\/div><\/div>\n<\/div>\n<\/div>\n<\/div>\n\n\n\n<div class=\"wp-block-buttons has-custom-font-size has-medium-font-size is-content-justification-center is-layout-flex wp-container-core-buttons-is-layout-1 wp-block-buttons-is-layout-flex\">\n<div class=\"wp-block-button is-style-fill\"><a class=\"wp-block-button__link has-text-align-center wp-element-button\">Commander<\/a><\/div>\n<\/div>\n\n\n\n<div style=\"height:5px\" aria-hidden=\"true\" class=\"wp-block-spacer\"><\/div>\n<\/div><\/div>\n\n\n\n<div class=\"wp-block-uagb-container uagb-block-7308be96 alignfull uagb-is-root-container\"><div class=\"uagb-container-inner-blocks-wrap\">\n<div style=\"height:50px\" aria-hidden=\"true\" class=\"wp-block-spacer uag-hide-tab uag-hide-mob\"><\/div>\n\n\n\n<h2 class=\"wp-block-heading has-text-align-center green-title has-text-color has-link-color wp-elements-73beb485098df190ea0e1324e887704f\" style=\"color:#3b8e46\">Ce qu&rsquo;ils en pensent<\/h2>\n\n\n\n<div class=\"wp-block-columns testimonial is-layout-flex wp-container-core-columns-is-layout-5 wp-block-columns-is-layout-flex\">\n<div class=\"wp-block-column is-layout-flow wp-block-column-is-layout-flow\">\n<div class=\"wp-block-media-text is-stacked-on-mobile\"><figure class=\"wp-block-media-text__media\"><img loading=\"lazy\" decoding=\"async\" width=\"930\" height=\"1024\" src=\"http:\/\/localhost:8888\/planty\/wp-content\/uploads\/2023\/12\/Mask-group-3-930x1024.png\" alt=\"\" class=\"wp-image-22 size-full\" srcset=\"https:\/\/www.jessica-idel.fr\/planty\/wp-content\/uploads\/2023\/12\/Mask-group-3-930x1024.png 930w, https:\/\/www.jessica-idel.fr\/planty\/wp-content\/uploads\/2023\/12\/Mask-group-3-273x300.png 273w, https:\/\/www.jessica-idel.fr\/planty\/wp-content\/uploads\/2023\/12\/Mask-group-3-768x845.png 768w, https:\/\/www.jessica-idel.fr\/planty\/wp-content\/uploads\/2023\/12\/Mask-group-3.png 1122w\" sizes=\"(max-width: 930px) 100vw, 930px\" \/><\/figure><div class=\"wp-block-media-text__content\">\n<p class=\"testimonial-title has-text-color has-link-color wp-elements-2acaa88f6b1437c03f37423b8435bd05\" style=\"color:#3b8e46;font-style:normal;font-weight:300\">Fatiha <\/p>\n\n\n\n<p class=\"testimonial-p\">La meilleure boisson \u00e9nergisante disponible sur le march\u00e9 !<\/p>\n<\/div><\/div>\n<\/div>\n\n\n\n<div class=\"wp-block-column is-layout-flow wp-block-column-is-layout-flow\">\n<div class=\"wp-block-media-text is-stacked-on-mobile\"><figure class=\"wp-block-media-text__media\"><img loading=\"lazy\" decoding=\"async\" width=\"930\" height=\"1024\" src=\"http:\/\/localhost:8888\/planty\/wp-content\/uploads\/2023\/12\/Mask-group-1-1-930x1024.png\" alt=\"\" class=\"wp-image-20 size-full\" srcset=\"https:\/\/www.jessica-idel.fr\/planty\/wp-content\/uploads\/2023\/12\/Mask-group-1-1-930x1024.png 930w, https:\/\/www.jessica-idel.fr\/planty\/wp-content\/uploads\/2023\/12\/Mask-group-1-1-273x300.png 273w, https:\/\/www.jessica-idel.fr\/planty\/wp-content\/uploads\/2023\/12\/Mask-group-1-1-768x845.png 768w, https:\/\/www.jessica-idel.fr\/planty\/wp-content\/uploads\/2023\/12\/Mask-group-1-1.png 1122w\" sizes=\"(max-width: 930px) 100vw, 930px\" \/><\/figure><div class=\"wp-block-media-text__content\">\n<p class=\"has-text-color has-link-color wp-elements-302936d60632247586410bd7caa3af61\" style=\"color:#3b8e46;font-size:30px;font-style:normal;font-weight:300\">V\u00e9ro<\/p>\n\n\n\n<p class=\"testimonial-p\">Frais &amp; fruit\u00e9 c&rsquo;est parfait pour accompagner le go\u00fbter.<\/p>\n<\/div><\/div>\n<\/div>\n\n\n\n<div class=\"wp-block-column is-layout-flow wp-block-column-is-layout-flow\">\n<div class=\"wp-block-media-text is-stacked-on-mobile\"><figure class=\"wp-block-media-text__media\"><img loading=\"lazy\" decoding=\"async\" width=\"930\" height=\"1024\" src=\"http:\/\/localhost:8888\/planty\/wp-content\/uploads\/2023\/12\/Mask-group-2-1-930x1024.png\" alt=\"\" class=\"wp-image-21 size-full\" srcset=\"https:\/\/www.jessica-idel.fr\/planty\/wp-content\/uploads\/2023\/12\/Mask-group-2-1-930x1024.png 930w, https:\/\/www.jessica-idel.fr\/planty\/wp-content\/uploads\/2023\/12\/Mask-group-2-1-273x300.png 273w, https:\/\/www.jessica-idel.fr\/planty\/wp-content\/uploads\/2023\/12\/Mask-group-2-1-768x845.png 768w, https:\/\/www.jessica-idel.fr\/planty\/wp-content\/uploads\/2023\/12\/Mask-group-2-1.png 1122w\" sizes=\"(max-width: 930px) 100vw, 930px\" \/><\/figure><div class=\"wp-block-media-text__content\">\n<p class=\"has-text-color has-link-color wp-elements-242b8ecebd676a83d8ffa2b13b844e69\" style=\"color:#3b8e46;font-size:30px;font-style:normal;font-weight:300\">Marc<\/p>\n\n\n\n<p class=\"testimonial-p\">Un boost d&rsquo;\u00e9nergie sans produits chimiques, un vrai plus dans ma journ\u00e9e.<\/p>\n<\/div><\/div>\n<\/div>\n<\/div>\n\n\n\n<div style=\"height:50px\" aria-hidden=\"true\" class=\"wp-block-spacer uag-hide-tab uag-hide-mob\"><\/div>\n<\/div><\/div>\n\n\n\n<div class=\"wp-block-uagb-container uagb-block-c5c018c2 alignfull uagb-is-root-container\"><div class=\"uagb-container-inner-blocks-wrap\"><\/div><\/div>\n","protected":false},"excerpt":{"rendered":"<p>Boisson \u00e9nergisante100% naturelle L&rsquo;\u00e9nergie des plantes Planty, c&rsquo;est la premi\u00e8re boisson \u00e9nergisante compos\u00e9e \u00e0 100% de produits naturels. Avec son go\u00fbt frais et fruit\u00e9, retrouvez votre \u00e9nergie gr\u00e2ce aux plantes riches en vitamine B2, \u00e0 n&rsquo;importe quel moment de la journ\u00e9e. Les go\u00fbts Nous avons une saveur pour chaque moment de votre journ\u00e9e. Ce qu&rsquo;ils [&hellip;]<\/p>\n","protected":false},"author":1,"featured_media":0,"parent":0,"menu_order":0,"comment_status":"closed","ping_status":"closed","template":"","meta":{"_uag_custom_page_level_css":"","ocean_post_layout":"","ocean_both_sidebars_style":"","ocean_both_sidebars_content_width":0,"ocean_both_sidebars_sidebars_width":0,"ocean_sidebar":"","ocean_second_sidebar":"","ocean_disable_margins":"enable","ocean_add_body_class":"","ocean_shortcode_before_top_bar":"","ocean_shortcode_after_top_bar":"","ocean_shortcode_before_header":"","ocean_shortcode_after_header":"","ocean_has_shortcode":"","ocean_shortcode_after_title":"","ocean_shortcode_before_footer_widgets":"","ocean_shortcode_after_footer_widgets":"","ocean_shortcode_before_footer_bottom":"","ocean_shortcode_after_footer_bottom":"","ocean_display_top_bar":"default","ocean_display_header":"default","ocean_header_style":"","ocean_center_header_left_menu":"","ocean_custom_header_template":"","ocean_custom_logo":0,"ocean_custom_retina_logo":0,"ocean_custom_logo_max_width":0,"ocean_custom_logo_tablet_max_width":0,"ocean_custom_logo_mobile_max_width":0,"ocean_custom_logo_max_height":0,"ocean_custom_logo_tablet_max_height":0,"ocean_custom_logo_mobile_max_height":0,"ocean_header_custom_menu":"","ocean_menu_typo_font_family":"","ocean_menu_typo_font_subset":"","ocean_menu_typo_font_size":0,"ocean_menu_typo_font_size_tablet":0,"ocean_menu_typo_font_size_mobile":0,"ocean_menu_typo_font_size_unit":"px","ocean_menu_typo_font_weight":"","ocean_menu_typo_font_weight_tablet":"","ocean_menu_typo_font_weight_mobile":"","ocean_menu_typo_transform":"","ocean_menu_typo_transform_tablet":"","ocean_menu_typo_transform_mobile":"","ocean_menu_typo_line_height":0,"ocean_menu_typo_line_height_tablet":0,"ocean_menu_typo_line_height_mobile":0,"ocean_menu_typo_line_height_unit":"","ocean_menu_typo_spacing":0,"ocean_menu_typo_spacing_tablet":0,"ocean_menu_typo_spacing_mobile":0,"ocean_menu_typo_spacing_unit":"","ocean_menu_link_color":"","ocean_menu_link_color_hover":"","ocean_menu_link_color_active":"","ocean_menu_link_background":"","ocean_menu_link_hover_background":"","ocean_menu_link_active_background":"","ocean_menu_social_links_bg":"","ocean_menu_social_hover_links_bg":"","ocean_menu_social_links_color":"","ocean_menu_social_hover_links_color":"","ocean_disable_title":"default","ocean_disable_heading":"default","ocean_post_title":"","ocean_post_subheading":"","ocean_post_title_style":"","ocean_post_title_background_color":"","ocean_post_title_background":0,"ocean_post_title_bg_image_position":"","ocean_post_title_bg_image_attachment":"","ocean_post_title_bg_image_repeat":"","ocean_post_title_bg_image_size":"","ocean_post_title_height":0,"ocean_post_title_bg_overlay":0.5,"ocean_post_title_bg_overlay_color":"","ocean_disable_breadcrumbs":"default","ocean_breadcrumbs_color":"","ocean_breadcrumbs_separator_color":"","ocean_breadcrumbs_links_color":"","ocean_breadcrumbs_links_hover_color":"","ocean_display_footer_widgets":"default","ocean_display_footer_bottom":"default","ocean_custom_footer_template":"","footnotes":""},"class_list":["post-25","page","type-page","status-publish","hentry","entry"],"uagb_featured_image_src":{"full":false,"thumbnail":false,"medium":false,"medium_large":false,"large":false,"1536x1536":false,"2048x2048":false,"ocean-thumb-m":false,"ocean-thumb-ml":false,"ocean-thumb-l":false},"uagb_author_info":{"display_name":"Jessica Code","author_link":"https:\/\/www.jessica-idel.fr\/planty\/author\/jessica-code\/"},"uagb_comment_info":0,"uagb_excerpt":"Boisson \u00e9nergisante100% naturelle L&rsquo;\u00e9nergie des plantes Planty, c&rsquo;est la premi\u00e8re boisson \u00e9nergisante compos\u00e9e \u00e0 100% de produits naturels. Avec son go\u00fbt frais et fruit\u00e9, retrouvez votre \u00e9nergie gr\u00e2ce aux plantes riches en vitamine B2, \u00e0 n&rsquo;importe quel moment de la journ\u00e9e. Les go\u00fbts Nous avons une saveur pour chaque moment de votre journ\u00e9e. Ce qu&rsquo;ils\u2026","_links":{"self":[{"href":"https:\/\/www.jessica-idel.fr\/planty\/wp-json\/wp\/v2\/pages\/25"}],"collection":[{"href":"https:\/\/www.jessica-idel.fr\/planty\/wp-json\/wp\/v2\/pages"}],"about":[{"href":"https:\/\/www.jessica-idel.fr\/planty\/wp-json\/wp\/v2\/types\/page"}],"author":[{"embeddable":true,"href":"https:\/\/www.jessica-idel.fr\/planty\/wp-json\/wp\/v2\/users\/1"}],"replies":[{"embeddable":true,"href":"https:\/\/www.jessica-idel.fr\/planty\/wp-json\/wp\/v2\/comments?post=25"}],"version-history":[{"count":107,"href":"https:\/\/www.jessica-idel.fr\/planty\/wp-json\/wp\/v2\/pages\/25\/revisions"}],"predecessor-version":[{"id":417,"href":"https:\/\/www.jessica-idel.fr\/planty\/wp-json\/wp\/v2\/pages\/25\/revisions\/417"}],"wp:attachment":[{"href":"https:\/\/www.jessica-idel.fr\/planty\/wp-json\/wp\/v2\/media?parent=25"}],"curies":[{"name":"wp","href":"https:\/\/api.w.org\/{rel}","templated":true}]}}